{"id":771,"date":"2020-05-23T17:13:04","date_gmt":"2020-05-23T17:13:04","guid":{"rendered":"http:\/\/ha-autobeaute.fr\/?page_id=771"},"modified":"2022-09-01T18:57:12","modified_gmt":"2022-09-01T18:57:12","slug":"duplicated-qui-sommes-nous-11","status":"publish","type":"page","link":"https:\/\/ha-autobeaute.fr\/index.php\/duplicated-qui-sommes-nous-11\/","title":{"rendered":"aCCREDITATION MATRIX CERAMICS"},"content":{"rendered":"\t\t<div data-elementor-type=\"wp-post\" data-elementor-id=\"771\" class=\"elementor elementor-771\" data-elementor-settings=\"[]\">\n\t\t\t\t\t\t<div class=\"elementor-inner\">\n\t\t\t\t\t\t\t<div class=\"elementor-section-wrap\">\n\t\t\t\t\t\t\t<section class=\"elementor-section elementor-top-section elementor-element elementor-element-ba18039 elementor-section-content-bottom elementor-section-boxed elementor-section-height-default elementor-section-height-default\" data-id=\"ba18039\" data-element_type=\"section\" data-settings=\"{&quot;background_background&quot;:&quot;classic&quot;}\">\n\t\t\t\t\t\t\t<div class=\"elementor-background-overlay\"><\/div>\n\t\t\t\t\t\t\t<div class=\"elementor-container elementor-column-gap-no\">\n\t\t\t\t\t\t\t<div class=\"elementor-row\">\n\t\t\t\t\t<div class=\"elementor-column elementor-col-100 elementor-top-column elementor-element elementor-element-f4fe14c\" data-id=\"f4fe14c\" data-element_type=\"column\">\n\t\t\t<div class=\"elementor-column-wrap elementor-element-populated\">\n\t\t\t\t\t\t\t<div class=\"elementor-widget-wrap\">\n\t\t\t\t\t\t<div class=\"elementor-element elementor-element-08960a8 elementor-widget elementor-widget-heading\" data-id=\"08960a8\" data-element_type=\"widget\" data-widget_type=\"heading.default\">\n\t\t\t\t<div class=\"elementor-widget-container\">\n\t\t\t<h1 class=\"elementor-heading-title elementor-size-default\">ACCREDITATION \nMATRIX CERAMICS FRANCE<\/h1>\t\t<\/div>\n\t\t\t\t<\/div>\n\t\t\t\t\t\t<\/div>\n\t\t\t\t\t<\/div>\n\t\t<\/div>\n\t\t\t\t\t\t\t\t<\/div>\n\t\t\t\t\t<\/div>\n\t\t<\/section>\n\t\t\t\t<section class=\"elementor-section elementor-top-section elementor-element elementor-element-2efde11 elementor-section-boxed elementor-section-height-default elementor-section-height-default\" data-id=\"2efde11\" data-element_type=\"section\">\n\t\t\t\t\t\t<div class=\"elementor-container elementor-column-gap-default\">\n\t\t\t\t\t\t\t<div class=\"elementor-row\">\n\t\t\t\t\t<div class=\"elementor-column elementor-col-100 elementor-top-column elementor-element elementor-element-918b1b7\" data-id=\"918b1b7\" data-element_type=\"column\">\n\t\t\t<div class=\"elementor-column-wrap elementor-element-populated\">\n\t\t\t\t\t\t\t<div class=\"elementor-widget-wrap\">\n\t\t\t\t\t\t<div class=\"elementor-element elementor-element-ef4630a elementor-widget elementor-widget-image\" data-id=\"ef4630a\" data-element_type=\"widget\" data-widget_type=\"image.default\">\n\t\t\t\t<div class=\"elementor-widget-container\">\n\t\t\t\t\t<div class=\"elementor-image\">\n\t\t\t\t\t\t\t\t\t\t<img width=\"1024\" height=\"341\" src=\"https:\/\/ha-autobeaute.fr\/wp-content\/uploads\/2020\/05\/FACEBOOK-HEADER_FR-1500x500-1-1024x341.jpg\" class=\"attachment-large size-large\" alt=\"\" loading=\"lazy\" srcset=\"https:\/\/ha-autobeaute.fr\/wp-content\/uploads\/2020\/05\/FACEBOOK-HEADER_FR-1500x500-1-1024x341.jpg 1024w, https:\/\/ha-autobeaute.fr\/wp-content\/uploads\/2020\/05\/FACEBOOK-HEADER_FR-1500x500-1-300x100.jpg 300w, https:\/\/ha-autobeaute.fr\/wp-content\/uploads\/2020\/05\/FACEBOOK-HEADER_FR-1500x500-1-768x256.jpg 768w, https:\/\/ha-autobeaute.fr\/wp-content\/uploads\/2020\/05\/FACEBOOK-HEADER_FR-1500x500-1.jpg 1500w\" sizes=\"(max-width: 1024px) 100vw, 1024px\" \/>\t\t\t\t\t\t\t\t\t\t\t<\/div>\n\t\t\t\t<\/div>\n\t\t\t\t<\/div>\n\t\t\t\t\t\t<\/div>\n\t\t\t\t\t<\/div>\n\t\t<\/div>\n\t\t\t\t\t\t\t\t<\/div>\n\t\t\t\t\t<\/div>\n\t\t<\/section>\n\t\t\t\t<section class=\"elementor-section elementor-top-section elementor-element elementor-element-37693bf elementor-section-boxed elementor-section-height-default elementor-section-height-default\" data-id=\"37693bf\" data-element_type=\"section\">\n\t\t\t\t\t\t<div class=\"elementor-container elementor-column-gap-default\">\n\t\t\t\t\t\t\t<div class=\"elementor-row\">\n\t\t\t\t\t<div class=\"elementor-column elementor-col-100 elementor-top-column elementor-element elementor-element-f4c20cc\" data-id=\"f4c20cc\" data-element_type=\"column\">\n\t\t\t<div class=\"elementor-column-wrap elementor-element-populated\">\n\t\t\t\t\t\t\t<div class=\"elementor-widget-wrap\">\n\t\t\t\t\t\t<div class=\"elementor-element elementor-element-8440588 elementor-aspect-ratio-169 elementor-widget elementor-widget-video\" data-id=\"8440588\" data-element_type=\"widget\" data-settings=\"{&quot;aspect_ratio&quot;:&quot;169&quot;}\" data-widget_type=\"video.default\">\n\t\t\t\t<div class=\"elementor-widget-container\">\n\t\t\t\t\t<div class=\"elementor-wrapper elementor-fit-aspect-ratio elementor-open-inline\">\n\t\t\t\t\t<video class=\"elementor-video\" src=\"http:\/\/ha-autobeaute.fr\/wp-content\/uploads\/2020\/05\/matrix-the-new-dynamic-in-ceramic.mp4\" autoplay=\"\" controls=\"\" controlsList=\"nodownload\"><\/video>\n\t\t\t\t<\/div>\n\t\t\t\t<\/div>\n\t\t\t\t<\/div>\n\t\t\t\t\t\t<\/div>\n\t\t\t\t\t<\/div>\n\t\t<\/div>\n\t\t\t\t\t\t\t\t<\/div>\n\t\t\t\t\t<\/div>\n\t\t<\/section>\n\t\t\t\t<section class=\"elementor-section elementor-top-section elementor-element elementor-element-32aea25 elementor-section-boxed elementor-section-height-default elementor-section-height-default\" data-id=\"32aea25\" data-element_type=\"section\">\n\t\t\t\t\t\t<div class=\"elementor-container elementor-column-gap-default\">\n\t\t\t\t\t\t\t<div class=\"elementor-row\">\n\t\t\t\t\t<div class=\"elementor-column elementor-col-100 elementor-top-column elementor-element elementor-element-b8b5dbb\" data-id=\"b8b5dbb\" data-element_type=\"column\">\n\t\t\t<div class=\"elementor-column-wrap elementor-element-populated\">\n\t\t\t\t\t\t\t<div class=\"elementor-widget-wrap\">\n\t\t\t\t\t\t<div class=\"elementor-element elementor-element-1870852 elementor-widget elementor-widget-text-editor\" data-id=\"1870852\" data-element_type=\"widget\" data-widget_type=\"text-editor.default\">\n\t\t\t\t<div class=\"elementor-widget-container\">\n\t\t\t\t\t<div class=\"elementor-text-editor elementor-clearfix\"><p>A la pointe de la technologie, <strong>MATRIX<\/strong> est une gamme de rev\u00eatements c\u00e9ramiques qui procure \u00e0 votre v\u00e9hicule une protection durable, un enrichissement de couleurs et une brillance parfaite.<\/p><p>Votre centre<strong> H.A. Auto-Beaut\u00e9<\/strong> est accr\u00e9dit\u00e9 <strong>MATRIX CERAMICS FRANCE depuis 2020<\/strong> et vous garantie donc la pose de ces rev\u00eatements (certificat de garantie).<\/p><p><strong>MATRIX<\/strong> garantie une r\u00e9sistance aux intemp\u00e9ries, \u00e0 l&rsquo;abrasion, aux rayures, \u00e0 la temp\u00e9rature, aux produits chimiques et aux contaminants en formant une forte liaison avec la surface. Les rev\u00eatements c\u00e9ramiques <strong>MATRIX<\/strong> adh\u00e8rent enti\u00e8rement \u00e0 la peinture, aux roues, et au verre pour des r\u00e9sultats durables (jusqu&rsquo;\u00e0 8 ans). Seuls les professionnels accr\u00e9dit\u00e9s peuvent vous proposer cette garantie.<\/p><\/div>\n\t\t\t\t<\/div>\n\t\t\t\t<\/div>\n\t\t\t\t<div class=\"elementor-element elementor-element-15ddc63 elementor-widget elementor-widget-image\" data-id=\"15ddc63\" data-element_type=\"widget\" data-widget_type=\"image.default\">\n\t\t\t\t<div class=\"elementor-widget-container\">\n\t\t\t\t\t<div class=\"elementor-image\">\n\t\t\t\t\t\t\t\t\t\t<img width=\"1024\" height=\"683\" src=\"https:\/\/ha-autobeaute.fr\/wp-content\/uploads\/2020\/06\/IMG_9457-1-1024x683.jpg\" class=\"attachment-large size-large\" alt=\"\" loading=\"lazy\" srcset=\"https:\/\/ha-autobeaute.fr\/wp-content\/uploads\/2020\/06\/IMG_9457-1-1024x683.jpg 1024w, https:\/\/ha-autobeaute.fr\/wp-content\/uploads\/2020\/06\/IMG_9457-1-300x200.jpg 300w, https:\/\/ha-autobeaute.fr\/wp-content\/uploads\/2020\/06\/IMG_9457-1-768x512.jpg 768w, https:\/\/ha-autobeaute.fr\/wp-content\/uploads\/2020\/06\/IMG_9457-1-1536x1024.jpg 1536w, https:\/\/ha-autobeaute.fr\/wp-content\/uploads\/2020\/06\/IMG_9457-1-2048x1365.jpg 2048w\" sizes=\"(max-width: 1024px) 100vw, 1024px\" \/>\t\t\t\t\t\t\t\t\t\t\t<\/div>\n\t\t\t\t<\/div>\n\t\t\t\t<\/div>\n\t\t\t\t\t\t<\/div>\n\t\t\t\t\t<\/div>\n\t\t<\/div>\n\t\t\t\t\t\t\t\t<\/div>\n\t\t\t\t\t<\/div>\n\t\t<\/section>\n\t\t\t\t<section class=\"elementor-section elementor-top-section elementor-element elementor-element-eb5811f elementor-section-boxed elementor-section-height-default elementor-section-height-default\" data-id=\"eb5811f\" data-element_type=\"section\">\n\t\t\t\t\t\t<div class=\"elementor-container elementor-column-gap-default\">\n\t\t\t\t\t\t\t<div class=\"elementor-row\">\n\t\t\t\t\t<div class=\"elementor-column elementor-col-100 elementor-top-column elementor-element elementor-element-1147d7a\" data-id=\"1147d7a\" data-element_type=\"column\">\n\t\t\t<div class=\"elementor-column-wrap elementor-element-populated\">\n\t\t\t\t\t\t\t<div class=\"elementor-widget-wrap\">\n\t\t\t\t\t\t<div class=\"elementor-element elementor-element-0eebbde elementor-widget elementor-widget-image\" data-id=\"0eebbde\" data-element_type=\"widget\" data-widget_type=\"image.default\">\n\t\t\t\t<div class=\"elementor-widget-container\">\n\t\t\t\t\t<div class=\"elementor-image\">\n\t\t\t\t\t\t\t\t\t\t<img width=\"1024\" height=\"683\" src=\"https:\/\/ha-autobeaute.fr\/wp-content\/uploads\/2020\/05\/IMG_9161-1024x683.jpg\" class=\"attachment-large size-large\" alt=\"\" loading=\"lazy\" srcset=\"https:\/\/ha-autobeaute.fr\/wp-content\/uploads\/2020\/05\/IMG_9161-1024x683.jpg 1024w, https:\/\/ha-autobeaute.fr\/wp-content\/uploads\/2020\/05\/IMG_9161-300x200.jpg 300w, https:\/\/ha-autobeaute.fr\/wp-content\/uploads\/2020\/05\/IMG_9161-768x512.jpg 768w, https:\/\/ha-autobeaute.fr\/wp-content\/uploads\/2020\/05\/IMG_9161.jpg 1296w\" sizes=\"(max-width: 1024px) 100vw, 1024px\" \/>\t\t\t\t\t\t\t\t\t\t\t<\/div>\n\t\t\t\t<\/div>\n\t\t\t\t<\/div>\n\t\t\t\t\t\t<\/div>\n\t\t\t\t\t<\/div>\n\t\t<\/div>\n\t\t\t\t\t\t\t\t<\/div>\n\t\t\t\t\t<\/div>\n\t\t<\/section>\n\t\t\t\t<section class=\"elementor-section elementor-top-section elementor-element elementor-element-37de001 elementor-section-boxed elementor-section-height-default elementor-section-height-default\" data-id=\"37de001\" data-element_type=\"section\">\n\t\t\t\t\t\t<div class=\"elementor-container elementor-column-gap-default\">\n\t\t\t\t\t\t\t<div class=\"elementor-row\">\n\t\t\t\t\t<div class=\"elementor-column elementor-col-100 elementor-top-column elementor-element elementor-element-d96a63d\" data-id=\"d96a63d\" data-element_type=\"column\">\n\t\t\t<div class=\"elementor-column-wrap elementor-element-populated\">\n\t\t\t\t\t\t\t<div class=\"elementor-widget-wrap\">\n\t\t\t\t\t\t<div class=\"elementor-element elementor-element-3b2851a elementor-widget elementor-widget-image\" data-id=\"3b2851a\" data-element_type=\"widget\" data-widget_type=\"image.default\">\n\t\t\t\t<div class=\"elementor-widget-container\">\n\t\t\t\t\t<div class=\"elementor-image\">\n\t\t\t\t\t\t\t\t\t\t<img width=\"1024\" height=\"683\" src=\"https:\/\/ha-autobeaute.fr\/wp-content\/uploads\/2020\/09\/120035865_2763021457341308_410856866176603526_o-1-1024x683.jpg\" class=\"attachment-large size-large\" alt=\"\" loading=\"lazy\" srcset=\"https:\/\/ha-autobeaute.fr\/wp-content\/uploads\/2020\/09\/120035865_2763021457341308_410856866176603526_o-1-1024x683.jpg 1024w, https:\/\/ha-autobeaute.fr\/wp-content\/uploads\/2020\/09\/120035865_2763021457341308_410856866176603526_o-1-300x200.jpg 300w, https:\/\/ha-autobeaute.fr\/wp-content\/uploads\/2020\/09\/120035865_2763021457341308_410856866176603526_o-1-768x512.jpg 768w, https:\/\/ha-autobeaute.fr\/wp-content\/uploads\/2020\/09\/120035865_2763021457341308_410856866176603526_o-1-1536x1024.jpg 1536w, https:\/\/ha-autobeaute.fr\/wp-content\/uploads\/2020\/09\/120035865_2763021457341308_410856866176603526_o-1.jpg 1944w\" sizes=\"(max-width: 1024px) 100vw, 1024px\" \/>\t\t\t\t\t\t\t\t\t\t\t<\/div>\n\t\t\t\t<\/div>\n\t\t\t\t<\/div>\n\t\t\t\t\t\t<\/div>\n\t\t\t\t\t<\/div>\n\t\t<\/div>\n\t\t\t\t\t\t\t\t<\/div>\n\t\t\t\t\t<\/div>\n\t\t<\/section>\n\t\t\t\t\t\t<\/div>\n\t\t\t\t\t\t<\/div>\n\t\t\t\t\t<\/div>\n\t\t","protected":false},"excerpt":{"rendered":"<p>ACCREDITATION MATRIX CERAMICS FRANCE http:\/\/ha-autobeaute.fr\/wp-content\/uploads\/2020\/05\/matrix-the-new-dynamic-in-ceramic.mp4 A la pointe de la technologie, MATRIX est une gamme de rev\u00eatements c\u00e9ramiques qui procure \u00e0 votre v\u00e9hicule une protection durable, un enrichissement de couleurs et une brillance parfaite. Votre centre H.A. Auto-Beaut\u00e9 est accr\u00e9dit\u00e9 MATRIX CERAMICS FRANCE depuis 2020 et vous garantie donc la pose de ces rev\u00eatements (certificat &hellip;<\/p>\n<p class=\"read-more\"> <a class=\"\" href=\"https:\/\/ha-autobeaute.fr\/index.php\/duplicated-qui-sommes-nous-11\/\"> <span class=\"screen-reader-text\">aCCREDITATION MATRIX CERAMICS<\/span> Lire la suite\u00a0\u00bb<\/a><\/p>\n","protected":false},"author":1,"featured_media":0,"parent":0,"menu_order":0,"comment_status":"closed","ping_status":"closed","template":"","meta":[],"_links":{"self":[{"href":"https:\/\/ha-autobeaute.fr\/index.php\/wp-json\/wp\/v2\/pages\/771"}],"collection":[{"href":"https:\/\/ha-autobeaute.fr\/index.php\/wp-json\/wp\/v2\/pages"}],"about":[{"href":"https:\/\/ha-autobeaute.fr\/index.php\/wp-json\/wp\/v2\/types\/page"}],"author":[{"embeddable":true,"href":"https:\/\/ha-autobeaute.fr\/index.php\/wp-json\/wp\/v2\/users\/1"}],"replies":[{"embeddable":true,"href":"https:\/\/ha-autobeaute.fr\/index.php\/wp-json\/wp\/v2\/comments?post=771"}],"version-history":[{"count":18,"href":"https:\/\/ha-autobeaute.fr\/index.php\/wp-json\/wp\/v2\/pages\/771\/revisions"}],"predecessor-version":[{"id":843,"href":"https:\/\/ha-autobeaute.fr\/index.php\/wp-json\/wp\/v2\/pages\/771\/revisions\/843"}],"wp:attachment":[{"href":"https:\/\/ha-autobeaute.fr\/index.php\/wp-json\/wp\/v2\/media?parent=771"}],"curies":[{"name":"wp","href":"https:\/\/api.w.org\/{rel}","templated":true}]}}