{"id":12,"date":"2019-02-25T12:38:21","date_gmt":"2019-02-25T12:38:21","guid":{"rendered":"https:\/\/websitedemos.net\/alex32\/?page_id=8"},"modified":"2020-03-11T21:13:10","modified_gmt":"2020-03-11T21:13:10","slug":"services","status":"publish","type":"page","link":"https:\/\/ha-autobeaute.fr\/index.php\/services\/","title":{"rendered":"Nos Services"},"content":{"rendered":"\t\t<div data-elementor-type=\"wp-post\" data-elementor-id=\"12\" class=\"elementor elementor-12\" data-elementor-settings=\"[]\">\n\t\t\t\t\t\t<div class=\"elementor-inner\">\n\t\t\t\t\t\t\t<div class=\"elementor-section-wrap\">\n\t\t\t\t\t\t\t<section class=\"elementor-section elementor-top-section elementor-element elementor-element-5ae83f1 elementor-section-content-bottom elementor-section-boxed elementor-section-height-default elementor-section-height-default\" data-id=\"5ae83f1\" data-element_type=\"section\" data-settings=\"{&quot;background_background&quot;:&quot;classic&quot;}\">\n\t\t\t\t\t\t\t<div class=\"elementor-background-overlay\"><\/div>\n\t\t\t\t\t\t\t<div class=\"elementor-container elementor-column-gap-no\">\n\t\t\t\t\t\t\t<div class=\"elementor-row\">\n\t\t\t\t\t<div class=\"elementor-column elementor-col-100 elementor-top-column elementor-element elementor-element-49ee3de\" data-id=\"49ee3de\" data-element_type=\"column\">\n\t\t\t<div class=\"elementor-column-wrap elementor-element-populated\">\n\t\t\t\t\t\t\t<div class=\"elementor-widget-wrap\">\n\t\t\t\t\t\t<div class=\"elementor-element elementor-element-c828001 elementor-widget elementor-widget-heading\" data-id=\"c828001\" data-element_type=\"widget\" data-widget_type=\"heading.default\">\n\t\t\t\t<div class=\"elementor-widget-container\">\n\t\t\t<h1 class=\"elementor-heading-title elementor-size-default\">Services<\/h1>\t\t<\/div>\n\t\t\t\t<\/div>\n\t\t\t\t\t\t<\/div>\n\t\t\t\t\t<\/div>\n\t\t<\/div>\n\t\t\t\t\t\t\t\t<\/div>\n\t\t\t\t\t<\/div>\n\t\t<\/section>\n\t\t\t\t<section class=\"elementor-section elementor-top-section elementor-element elementor-element-4ec4178 elementor-section-boxed elementor-section-height-default elementor-section-height-default\" data-id=\"4ec4178\" data-element_type=\"section\" data-settings=\"{&quot;background_background&quot;:&quot;classic&quot;}\">\n\t\t\t\t\t\t<div class=\"elementor-container elementor-column-gap-no\">\n\t\t\t\t\t\t\t<div class=\"elementor-row\">\n\t\t\t\t\t<div class=\"elementor-column elementor-col-100 elementor-top-column elementor-element elementor-element-9855982\" data-id=\"9855982\" data-element_type=\"column\" data-settings=\"{&quot;background_background&quot;:&quot;classic&quot;}\">\n\t\t\t<div class=\"elementor-column-wrap elementor-element-populated\">\n\t\t\t\t\t\t\t<div class=\"elementor-widget-wrap\">\n\t\t\t\t\t\t<div class=\"elementor-element elementor-element-8e32ceb elementor-widget elementor-widget-heading\" data-id=\"8e32ceb\" data-element_type=\"widget\" data-widget_type=\"heading.default\">\n\t\t\t\t<div class=\"elementor-widget-container\">\n\t\t\t<h6 class=\"elementor-heading-title elementor-size-default\">NOUS VOUS OFFRONS DE MULTIPLES SERVICES\n<\/h6>\t\t<\/div>\n\t\t\t\t<\/div>\n\t\t\t\t<div class=\"elementor-element elementor-element-2b71b67 elementor-widget elementor-widget-heading\" data-id=\"2b71b67\" data-element_type=\"widget\" data-widget_type=\"heading.default\">\n\t\t\t\t<div class=\"elementor-widget-container\">\n\t\t\t<h2 class=\"elementor-heading-title elementor-size-default\">PR\u00e9PARATION ESTH\u00e9TIQUE ET DETAILING<\/h2>\t\t<\/div>\n\t\t\t\t<\/div>\n\t\t\t\t<section class=\"elementor-section elementor-inner-section elementor-element elementor-element-bae6d80 elementor-section-content-top elementor-section-boxed elementor-section-height-default elementor-section-height-default\" data-id=\"bae6d80\" data-element_type=\"section\">\n\t\t\t\t\t\t<div class=\"elementor-container elementor-column-gap-no\">\n\t\t\t\t\t\t\t<div class=\"elementor-row\">\n\t\t\t\t\t<div class=\"elementor-column elementor-col-33 elementor-inner-column elementor-element elementor-element-5b8859d\" data-id=\"5b8859d\" data-element_type=\"column\">\n\t\t\t<div class=\"elementor-column-wrap elementor-element-populated\">\n\t\t\t\t\t\t\t<div class=\"elementor-widget-wrap\">\n\t\t\t\t\t\t<div class=\"elementor-element elementor-element-5f7bc37 elementor-position-top elementor-vertical-align-top elementor-widget elementor-widget-image-box\" data-id=\"5f7bc37\" data-element_type=\"widget\" data-widget_type=\"image-box.default\">\n\t\t\t\t<div class=\"elementor-widget-container\">\n\t\t\t<div class=\"elementor-image-box-wrapper\"><figure class=\"elementor-image-box-img\"><a href=\"#\"><img width=\"1024\" height=\"620\" src=\"https:\/\/ha-autobeaute.fr\/wp-content\/uploads\/2020\/03\/lustrage-voiture-procede-savoir-quil-1-1024x620-1.jpg\" class=\"attachment-full size-full\" alt=\"\" loading=\"lazy\" srcset=\"https:\/\/ha-autobeaute.fr\/wp-content\/uploads\/2020\/03\/lustrage-voiture-procede-savoir-quil-1-1024x620-1.jpg 1024w, https:\/\/ha-autobeaute.fr\/wp-content\/uploads\/2020\/03\/lustrage-voiture-procede-savoir-quil-1-1024x620-1-300x182.jpg 300w, https:\/\/ha-autobeaute.fr\/wp-content\/uploads\/2020\/03\/lustrage-voiture-procede-savoir-quil-1-1024x620-1-768x465.jpg 768w\" sizes=\"(max-width: 1024px) 100vw, 1024px\" \/><\/a><\/figure><div class=\"elementor-image-box-content\"><h4 class=\"elementor-image-box-title\"><a href=\"#\">PR\u00e9PARATION EXT\u00e8RIEURE<\/a><\/h4><p class=\"elementor-image-box-description\">De l'entretien courant \u00e0 la r\u00e9novation de votre carrosserie en passant par les \u00e9tapes de protection, vous trouverez forc\u00e9ment de quoi redonner le sourire \u00e0 votre automobile.<\/p><\/div><\/div>\t\t<\/div>\n\t\t\t\t<\/div>\n\t\t\t\t\t\t<\/div>\n\t\t\t\t\t<\/div>\n\t\t<\/div>\n\t\t\t\t<div class=\"elementor-column elementor-col-33 elementor-inner-column elementor-element elementor-element-39b4227\" data-id=\"39b4227\" data-element_type=\"column\">\n\t\t\t<div class=\"elementor-column-wrap elementor-element-populated\">\n\t\t\t\t\t\t\t<div class=\"elementor-widget-wrap\">\n\t\t\t\t\t\t<div class=\"elementor-element elementor-element-ca80055 elementor-position-top elementor-vertical-align-top elementor-widget elementor-widget-image-box\" data-id=\"ca80055\" data-element_type=\"widget\" data-widget_type=\"image-box.default\">\n\t\t\t\t<div class=\"elementor-widget-container\">\n\t\t\t<div class=\"elementor-image-box-wrapper\"><figure class=\"elementor-image-box-img\"><a href=\"#\"><img width=\"700\" height=\"467\" src=\"https:\/\/ha-autobeaute.fr\/wp-content\/uploads\/2020\/03\/nettoyer-int\u00e9rieur-voiture.jpg\" class=\"attachment-full size-full\" alt=\"\" loading=\"lazy\" srcset=\"https:\/\/ha-autobeaute.fr\/wp-content\/uploads\/2020\/03\/nettoyer-int\u00e9rieur-voiture.jpg 700w, https:\/\/ha-autobeaute.fr\/wp-content\/uploads\/2020\/03\/nettoyer-int\u00e9rieur-voiture-300x200.jpg 300w\" sizes=\"(max-width: 700px) 100vw, 700px\" \/><\/a><\/figure><div class=\"elementor-image-box-content\"><h4 class=\"elementor-image-box-title\"><a href=\"#\">PR\u00e9PARATION INT\u00e9RIEURE<\/a><\/h4><p class=\"elementor-image-box-description\">Soin du cuir, nettoyage en profondeur et nutrition des \u00e9l\u00e9ments plastiques, d\u00e9contamination compl\u00e8te de l'habitacle... Quoi de mieux que de rouler dans un environnement sain.<\/p><\/div><\/div>\t\t<\/div>\n\t\t\t\t<\/div>\n\t\t\t\t\t\t<\/div>\n\t\t\t\t\t<\/div>\n\t\t<\/div>\n\t\t\t\t<div class=\"elementor-column elementor-col-33 elementor-inner-column elementor-element elementor-element-73acd10\" data-id=\"73acd10\" data-element_type=\"column\">\n\t\t\t<div class=\"elementor-column-wrap elementor-element-populated\">\n\t\t\t\t\t\t\t<div class=\"elementor-widget-wrap\">\n\t\t\t\t\t\t<div class=\"elementor-element elementor-element-fe8afe8 elementor-position-top elementor-vertical-align-top elementor-widget elementor-widget-image-box\" data-id=\"fe8afe8\" data-element_type=\"widget\" data-widget_type=\"image-box.default\">\n\t\t\t\t<div class=\"elementor-widget-container\">\n\t\t\t<div class=\"elementor-image-box-wrapper\"><figure class=\"elementor-image-box-img\"><a href=\"#\"><img width=\"500\" height=\"380\" src=\"https:\/\/ha-autobeaute.fr\/wp-content\/uploads\/2019\/04\/bg06-free-img.jpg\" class=\"attachment-medium_large size-medium_large\" alt=\"\" loading=\"lazy\" srcset=\"https:\/\/ha-autobeaute.fr\/wp-content\/uploads\/2019\/04\/bg06-free-img.jpg 500w, https:\/\/ha-autobeaute.fr\/wp-content\/uploads\/2019\/04\/bg06-free-img-300x228.jpg 300w\" sizes=\"(max-width: 500px) 100vw, 500px\" \/><\/a><\/figure><div class=\"elementor-image-box-content\"><h4 class=\"elementor-image-box-title\"><a href=\"#\">PR\u00e9PARATION COMPL\u00e8TE<\/a><\/h4><p class=\"elementor-image-box-description\">Formules sur mesure, pr\u00e9paration \u00e0 la vente, plaisir personnel\u2026\nNos prestations de car-staging vous permettront de restaurer votre v\u00e9hicule dans le moindre d\u00e9tail.<\/p><\/div><\/div>\t\t<\/div>\n\t\t\t\t<\/div>\n\t\t\t\t\t\t<\/div>\n\t\t\t\t\t<\/div>\n\t\t<\/div>\n\t\t\t\t\t\t\t\t<\/div>\n\t\t\t\t\t<\/div>\n\t\t<\/section>\n\t\t\t\t<section class=\"elementor-section elementor-inner-section elementor-element elementor-element-8091f1c elementor-section-content-top elementor-section-boxed elementor-section-height-default elementor-section-height-default\" data-id=\"8091f1c\" data-element_type=\"section\">\n\t\t\t\t\t\t<div class=\"elementor-container elementor-column-gap-no\">\n\t\t\t\t\t\t\t<div class=\"elementor-row\">\n\t\t\t\t\t<div class=\"elementor-column elementor-col-33 elementor-inner-column elementor-element elementor-element-19d25df\" data-id=\"19d25df\" data-element_type=\"column\">\n\t\t\t<div class=\"elementor-column-wrap elementor-element-populated\">\n\t\t\t\t\t\t\t<div class=\"elementor-widget-wrap\">\n\t\t\t\t\t\t<div class=\"elementor-element elementor-element-b17e243 elementor-position-top elementor-vertical-align-top elementor-widget elementor-widget-image-box\" data-id=\"b17e243\" data-element_type=\"widget\" data-widget_type=\"image-box.default\">\n\t\t\t\t<div class=\"elementor-widget-container\">\n\t\t\t<div class=\"elementor-image-box-wrapper\"><figure class=\"elementor-image-box-img\"><a href=\"#\"><img width=\"700\" height=\"467\" src=\"https:\/\/ha-autobeaute.fr\/wp-content\/uploads\/2020\/03\/nettoyer-entretenir-cuir-siege-voiture-pro.jpg\" class=\"attachment-full size-full\" alt=\"\" loading=\"lazy\" srcset=\"https:\/\/ha-autobeaute.fr\/wp-content\/uploads\/2020\/03\/nettoyer-entretenir-cuir-siege-voiture-pro.jpg 700w, https:\/\/ha-autobeaute.fr\/wp-content\/uploads\/2020\/03\/nettoyer-entretenir-cuir-siege-voiture-pro-300x200.jpg 300w\" sizes=\"(max-width: 700px) 100vw, 700px\" \/><\/a><\/figure><div class=\"elementor-image-box-content\"><h4 class=\"elementor-image-box-title\"><a href=\"#\">SOIN ET NUTRITION DU CUIR<\/a><\/h4><p class=\"elementor-image-box-description\">La sellerie cuir demande un entretien sp\u00e9cifique, trop souvent laiss\u00e9e \u00e0 l'abandon, nous traiterons le cuir dans les r\u00e8gles de l'art en terme de nettoyage et nutrition.<\/p><\/div><\/div>\t\t<\/div>\n\t\t\t\t<\/div>\n\t\t\t\t\t\t<\/div>\n\t\t\t\t\t<\/div>\n\t\t<\/div>\n\t\t\t\t<div class=\"elementor-column elementor-col-33 elementor-inner-column elementor-element elementor-element-964cc07\" data-id=\"964cc07\" data-element_type=\"column\">\n\t\t\t<div class=\"elementor-column-wrap elementor-element-populated\">\n\t\t\t\t\t\t\t<div class=\"elementor-widget-wrap\">\n\t\t\t\t\t\t<div class=\"elementor-element elementor-element-fc43ddb elementor-position-top elementor-vertical-align-top elementor-widget elementor-widget-image-box\" data-id=\"fc43ddb\" data-element_type=\"widget\" data-widget_type=\"image-box.default\">\n\t\t\t\t<div class=\"elementor-widget-container\">\n\t\t\t<div class=\"elementor-image-box-wrapper\"><figure class=\"elementor-image-box-img\"><a href=\"#\"><img width=\"700\" height=\"467\" src=\"https:\/\/ha-autobeaute.fr\/wp-content\/uploads\/2020\/03\/v\u00e9rit\u00e9-traitement-ceramique-voiture.jpg\" class=\"attachment-full size-full\" alt=\"\" loading=\"lazy\" srcset=\"https:\/\/ha-autobeaute.fr\/wp-content\/uploads\/2020\/03\/v\u00e9rit\u00e9-traitement-ceramique-voiture.jpg 700w, https:\/\/ha-autobeaute.fr\/wp-content\/uploads\/2020\/03\/v\u00e9rit\u00e9-traitement-ceramique-voiture-300x200.jpg 300w\" sizes=\"(max-width: 700px) 100vw, 700px\" \/><\/a><\/figure><div class=\"elementor-image-box-content\"><h4 class=\"elementor-image-box-title\"><a href=\"#\">TRAITEMENT C\u00e9RAMIQUE 9H<\/a><\/h4><p class=\"elementor-image-box-description\">Issue de la nanotechnologie, la c\u00e9ramique permet de prot\u00e9ger votre v\u00e9hicule et votre vernis jusqu'\u00e0 8 ans. Nous d\u00e9livrons les certificats de garantie suite \u00e0 la pose de ces protections.<\/p><\/div><\/div>\t\t<\/div>\n\t\t\t\t<\/div>\n\t\t\t\t\t\t<\/div>\n\t\t\t\t\t<\/div>\n\t\t<\/div>\n\t\t\t\t<div class=\"elementor-column elementor-col-33 elementor-inner-column elementor-element elementor-element-7c78e82\" data-id=\"7c78e82\" data-element_type=\"column\">\n\t\t\t<div class=\"elementor-column-wrap elementor-element-populated\">\n\t\t\t\t\t\t\t<div class=\"elementor-widget-wrap\">\n\t\t\t\t\t\t<div class=\"elementor-element elementor-element-9481642 elementor-position-top elementor-vertical-align-top elementor-widget elementor-widget-image-box\" data-id=\"9481642\" data-element_type=\"widget\" data-widget_type=\"image-box.default\">\n\t\t\t\t<div class=\"elementor-widget-container\">\n\t\t\t<div class=\"elementor-image-box-wrapper\"><figure class=\"elementor-image-box-img\"><a href=\"#\"><img width=\"1600\" height=\"1000\" src=\"https:\/\/ha-autobeaute.fr\/wp-content\/uploads\/2020\/03\/pexelsphoto70912jpeg_5ce2e51388d05.jpg\" class=\"attachment-full size-full\" alt=\"\" loading=\"lazy\" srcset=\"https:\/\/ha-autobeaute.fr\/wp-content\/uploads\/2020\/03\/pexelsphoto70912jpeg_5ce2e51388d05.jpg 1600w, https:\/\/ha-autobeaute.fr\/wp-content\/uploads\/2020\/03\/pexelsphoto70912jpeg_5ce2e51388d05-300x188.jpg 300w, https:\/\/ha-autobeaute.fr\/wp-content\/uploads\/2020\/03\/pexelsphoto70912jpeg_5ce2e51388d05-1024x640.jpg 1024w, https:\/\/ha-autobeaute.fr\/wp-content\/uploads\/2020\/03\/pexelsphoto70912jpeg_5ce2e51388d05-768x480.jpg 768w, https:\/\/ha-autobeaute.fr\/wp-content\/uploads\/2020\/03\/pexelsphoto70912jpeg_5ce2e51388d05-1536x960.jpg 1536w\" sizes=\"(max-width: 1600px) 100vw, 1600px\" \/><\/a><\/figure><div class=\"elementor-image-box-content\"><h4 class=\"elementor-image-box-title\"><a href=\"#\">MAINTENANCE DE FLOTTES<\/a><\/h4><p class=\"elementor-image-box-description\">De nombreux professionnels de l'automobile nous font confiance pour leurs parcs VO\/VN.\nDe la citadine aux mod\u00e8les les plus prestigieux, nos forfaits sur mesures sauront r\u00e9pondre \u00e0 votre demande.\n <\/p><\/div><\/div>\t\t<\/div>\n\t\t\t\t<\/div>\n\t\t\t\t\t\t<\/div>\n\t\t\t\t\t<\/div>\n\t\t<\/div>\n\t\t\t\t\t\t\t\t<\/div>\n\t\t\t\t\t<\/div>\n\t\t<\/section>\n\t\t\t\t\t\t<\/div>\n\t\t\t\t\t<\/div>\n\t\t<\/div>\n\t\t\t\t\t\t\t\t<\/div>\n\t\t\t\t\t<\/div>\n\t\t<\/section>\n\t\t\t\t<section class=\"elementor-section elementor-top-section elementor-element elementor-element-5c448bc elementor-section-boxed elementor-section-height-default elementor-section-height-default\" data-id=\"5c448bc\" data-element_type=\"section\" data-settings=\"{&quot;background_background&quot;:&quot;classic&quot;}\">\n\t\t\t\t\t\t\t<div class=\"elementor-background-overlay\"><\/div>\n\t\t\t\t\t\t\t<div class=\"elementor-container elementor-column-gap-no\">\n\t\t\t\t\t\t\t<div class=\"elementor-row\">\n\t\t\t\t\t<div class=\"elementor-column elementor-col-25 elementor-top-column elementor-element elementor-element-8bea0f2\" data-id=\"8bea0f2\" data-element_type=\"column\">\n\t\t\t<div class=\"elementor-column-wrap\">\n\t\t\t\t\t\t\t<div class=\"elementor-widget-wrap\">\n\t\t\t\t\t\t\t\t<\/div>\n\t\t\t\t\t<\/div>\n\t\t<\/div>\n\t\t\t\t<div class=\"elementor-column elementor-col-50 elementor-top-column elementor-element elementor-element-8cd03bd\" data-id=\"8cd03bd\" data-element_type=\"column\">\n\t\t\t<div class=\"elementor-column-wrap elementor-element-populated\">\n\t\t\t\t\t\t\t<div class=\"elementor-widget-wrap\">\n\t\t\t\t\t\t<div class=\"elementor-element elementor-element-7a65dc9 elementor-widget elementor-widget-heading\" data-id=\"7a65dc9\" data-element_type=\"widget\" data-widget_type=\"heading.default\">\n\t\t\t\t<div class=\"elementor-widget-container\">\n\t\t\t<h6 class=\"elementor-heading-title elementor-size-default\">Centre de pr\u00e9paration esth\u00e9tique et de Detailing<\/h6>\t\t<\/div>\n\t\t\t\t<\/div>\n\t\t\t\t<div class=\"elementor-element elementor-element-0df5edf elementor-widget elementor-widget-heading\" data-id=\"0df5edf\" data-element_type=\"widget\" data-widget_type=\"heading.default\">\n\t\t\t\t<div class=\"elementor-widget-container\">\n\t\t\t<h2 class=\"elementor-heading-title elementor-size-xl\">H.A. AUTO-BEAUTE\n<\/h2>\t\t<\/div>\n\t\t\t\t<\/div>\n\t\t\t\t<div class=\"elementor-element elementor-element-9d75a74 elementor-align-center elementor-button-success elementor-widget elementor-widget-button\" data-id=\"9d75a74\" data-element_type=\"widget\" data-widget_type=\"button.default\">\n\t\t\t\t<div class=\"elementor-widget-container\">\n\t\t\t\t\t<div class=\"elementor-button-wrapper\">\n\t\t\t<a href=\"http:\/\/www.facebook.fr\/AUTOBEAUTE67\" class=\"elementor-button-link elementor-button elementor-size-md\" role=\"button\">\n\t\t\t\t\t\t<span class=\"elementor-button-content-wrapper\">\n\t\t\t\t\t\t<span class=\"elementor-button-icon elementor-align-icon-left\">\n\t\t\t\t<i aria-hidden=\"true\" class=\"far fa-thumbs-up\"><\/i>\t\t\t<\/span>\n\t\t\t\t\t\t<span class=\"elementor-button-text\">Rejoignez-nous sur Facebook<\/span>\n\t\t<\/span>\n\t\t\t\t\t<\/a>\n\t\t<\/div>\n\t\t\t\t<\/div>\n\t\t\t\t<\/div>\n\t\t\t\t\t\t<\/div>\n\t\t\t\t\t<\/div>\n\t\t<\/div>\n\t\t\t\t<div class=\"elementor-column elementor-col-25 elementor-top-column elementor-element elementor-element-42f23df\" data-id=\"42f23df\" data-element_type=\"column\">\n\t\t\t<div class=\"elementor-column-wrap\">\n\t\t\t\t\t\t\t<div class=\"elementor-widget-wrap\">\n\t\t\t\t\t\t\t\t<\/div>\n\t\t\t\t\t<\/div>\n\t\t<\/div>\n\t\t\t\t\t\t\t\t<\/div>\n\t\t\t\t\t<\/div>\n\t\t<\/section>\n\t\t\t\t\t\t<\/div>\n\t\t\t\t\t\t<\/div>\n\t\t\t\t\t<\/div>\n\t\t","protected":false},"excerpt":{"rendered":"<p>Services NOUS VOUS OFFRONS DE MULTIPLES SERVICES PR\u00e9PARATION ESTH\u00e9TIQUE ET DETAILING PR\u00e9PARATION EXT\u00e8RIEURE De l&rsquo;entretien courant \u00e0 la r\u00e9novation de votre carrosserie en passant par les \u00e9tapes de protection, vous trouverez forc\u00e9ment de quoi redonner le sourire \u00e0 votre automobile. PR\u00e9PARATION INT\u00e9RIEURE Soin du cuir, nettoyage en profondeur et nutrition des \u00e9l\u00e9ments plastiques, d\u00e9contamination compl\u00e8te &hellip;<\/p>\n<p class=\"read-more\"> <a class=\"\" href=\"https:\/\/ha-autobeaute.fr\/index.php\/services\/\"> <span class=\"screen-reader-text\">Nos Services<\/span> Lire la suite\u00a0\u00bb<\/a><\/p>\n","protected":false},"author":1,"featured_media":0,"parent":0,"menu_order":0,"comment_status":"closed","ping_status":"closed","template":"","meta":[],"_links":{"self":[{"href":"https:\/\/ha-autobeaute.fr\/index.php\/wp-json\/wp\/v2\/pages\/12"}],"collection":[{"href":"https:\/\/ha-autobeaute.fr\/index.php\/wp-json\/wp\/v2\/pages"}],"about":[{"href":"https:\/\/ha-autobeaute.fr\/index.php\/wp-json\/wp\/v2\/types\/page"}],"author":[{"embeddable":true,"href":"https:\/\/ha-autobeaute.fr\/index.php\/wp-json\/wp\/v2\/users\/1"}],"replies":[{"embeddable":true,"href":"https:\/\/ha-autobeaute.fr\/index.php\/wp-json\/wp\/v2\/comments?post=12"}],"version-history":[{"count":11,"href":"https:\/\/ha-autobeaute.fr\/index.php\/wp-json\/wp\/v2\/pages\/12\/revisions"}],"predecessor-version":[{"id":688,"href":"https:\/\/ha-autobeaute.fr\/index.php\/wp-json\/wp\/v2\/pages\/12\/revisions\/688"}],"wp:attachment":[{"href":"https:\/\/ha-autobeaute.fr\/index.php\/wp-json\/wp\/v2\/media?parent=12"}],"curies":[{"name":"wp","href":"https:\/\/api.w.org\/{rel}","templated":true}]}}