{"id":11,"date":"2019-02-25T12:37:08","date_gmt":"2019-02-25T12:37:08","guid":{"rendered":"https:\/\/websitedemos.net\/alex32\/?page_id=7"},"modified":"2024-02-26T19:39:56","modified_gmt":"2024-02-26T19:39:56","slug":"about","status":"publish","type":"page","link":"https:\/\/ha-autobeaute.fr\/index.php\/about\/","title":{"rendered":"QUI SOMMES NOUS ?"},"content":{"rendered":"\t\t<div data-elementor-type=\"wp-post\" data-elementor-id=\"11\" class=\"elementor elementor-11\" data-elementor-settings=\"[]\">\n\t\t\t\t\t\t<div class=\"elementor-inner\">\n\t\t\t\t\t\t\t<div class=\"elementor-section-wrap\">\n\t\t\t\t\t\t\t<section class=\"elementor-section elementor-top-section elementor-element elementor-element-ba18039 elementor-section-content-bottom elementor-section-boxed elementor-section-height-default elementor-section-height-default\" data-id=\"ba18039\" data-element_type=\"section\" data-settings=\"{&quot;background_background&quot;:&quot;classic&quot;}\">\n\t\t\t\t\t\t\t<div class=\"elementor-background-overlay\"><\/div>\n\t\t\t\t\t\t\t<div class=\"elementor-container elementor-column-gap-no\">\n\t\t\t\t\t\t\t<div class=\"elementor-row\">\n\t\t\t\t\t<div class=\"elementor-column elementor-col-100 elementor-top-column elementor-element elementor-element-f4fe14c\" data-id=\"f4fe14c\" data-element_type=\"column\">\n\t\t\t<div class=\"elementor-column-wrap elementor-element-populated\">\n\t\t\t\t\t\t\t<div class=\"elementor-widget-wrap\">\n\t\t\t\t\t\t<div class=\"elementor-element elementor-element-08960a8 elementor-widget elementor-widget-heading\" data-id=\"08960a8\" data-element_type=\"widget\" data-widget_type=\"heading.default\">\n\t\t\t\t<div class=\"elementor-widget-container\">\n\t\t\t<h1 class=\"elementor-heading-title elementor-size-default\">qui sommes nous ?\n<\/h1>\t\t<\/div>\n\t\t\t\t<\/div>\n\t\t\t\t\t\t<\/div>\n\t\t\t\t\t<\/div>\n\t\t<\/div>\n\t\t\t\t\t\t\t\t<\/div>\n\t\t\t\t\t<\/div>\n\t\t<\/section>\n\t\t\t\t<section class=\"elementor-section elementor-top-section elementor-element elementor-element-25205b2 elementor-section-boxed elementor-section-height-default elementor-section-height-default\" data-id=\"25205b2\" data-element_type=\"section\">\n\t\t\t\t\t\t<div class=\"elementor-container elementor-column-gap-no\">\n\t\t\t\t\t\t\t<div class=\"elementor-row\">\n\t\t\t\t\t<div class=\"elementor-column elementor-col-50 elementor-top-column elementor-element elementor-element-c2f159c\" data-id=\"c2f159c\" data-element_type=\"column\">\n\t\t\t<div class=\"elementor-column-wrap elementor-element-populated\">\n\t\t\t\t\t\t\t<div class=\"elementor-widget-wrap\">\n\t\t\t\t\t\t<div class=\"elementor-element elementor-element-fc4c6d4 animated-slow elementor-invisible elementor-widget elementor-widget-heading\" data-id=\"fc4c6d4\" data-element_type=\"widget\" data-settings=\"{&quot;_animation&quot;:&quot;fadeInLeft&quot;}\" data-widget_type=\"heading.default\">\n\t\t\t\t<div class=\"elementor-widget-container\">\n\t\t\t<h6 class=\"elementor-heading-title elementor-size-default\">NOTRE HISTOIRE<\/h6>\t\t<\/div>\n\t\t\t\t<\/div>\n\t\t\t\t<div class=\"elementor-element elementor-element-508f649 animated-slow elementor-invisible elementor-widget elementor-widget-heading\" data-id=\"508f649\" data-element_type=\"widget\" data-settings=\"{&quot;_animation&quot;:&quot;flash&quot;}\" data-widget_type=\"heading.default\">\n\t\t\t\t<div class=\"elementor-widget-container\">\n\t\t\t<h2 class=\"elementor-heading-title elementor-size-default\">H.A. Auto-Beaut\u00e9<\/h2>\t\t<\/div>\n\t\t\t\t<\/div>\n\t\t\t\t<div class=\"elementor-element elementor-element-0fa97ad elementor-widget elementor-widget-text-editor\" data-id=\"0fa97ad\" data-element_type=\"widget\" data-widget_type=\"text-editor.default\">\n\t\t\t\t<div class=\"elementor-widget-container\">\n\t\t\t\t\t<div class=\"elementor-text-editor elementor-clearfix\"><\/div>\n\t\t\t\t<\/div>\n\t\t\t\t<\/div>\n\t\t\t\t\t\t<\/div>\n\t\t\t\t\t<\/div>\n\t\t<\/div>\n\t\t\t\t<div class=\"elementor-column elementor-col-50 elementor-top-column elementor-element elementor-element-270df6b\" data-id=\"270df6b\" data-element_type=\"column\">\n\t\t\t<div class=\"elementor-column-wrap elementor-element-populated\">\n\t\t\t\t\t\t\t<div class=\"elementor-widget-wrap\">\n\t\t\t\t\t\t<div class=\"elementor-element elementor-element-2ca4402 elementor-widget elementor-widget-text-editor\" data-id=\"2ca4402\" data-element_type=\"widget\" data-widget_type=\"text-editor.default\">\n\t\t\t\t<div class=\"elementor-widget-container\">\n\t\t\t\t\t<div class=\"elementor-text-editor elementor-clearfix\"><\/div>\n\t\t\t\t<\/div>\n\t\t\t\t<\/div>\n\t\t\t\t<div class=\"elementor-element elementor-element-56bfa64 elementor-widget elementor-widget-text-editor\" data-id=\"56bfa64\" data-element_type=\"widget\" data-widget_type=\"text-editor.default\">\n\t\t\t\t<div class=\"elementor-widget-container\">\n\t\t\t\t\t<div class=\"elementor-text-editor elementor-clearfix\"><p>C&rsquo;est en 2011 qu&rsquo;est n\u00e9e l&rsquo;id\u00e9e de cr\u00e9ation du <strong>Centre de Pr\u00e9paration &amp; Detailing H.A. Auto-Beaut\u00e9, <\/strong>avec \u00e0 ses commandes, son g\u00e9rant <strong>HAHN Arnaud.\u00a0<\/strong><\/p><p>C&rsquo;est avant tout une passion et une mise en oeuvre constante de notre savoir-faire pour satisfaire toutes les demandes de nos clients. <strong>Le respect et les caract\u00e9ristiques des \u00e9tapes du detailing sont pour nous une priorit\u00e9 <\/strong>afin de vous assurer un r\u00e9sultat saisissant ! Nous sommes \u00e9galement l\u00e0 pour vous conseiller pour l&rsquo;entretien de vos v\u00e9hicules ou vous guider pour l&rsquo;achat de vos produits et accessoires.<\/p><p><strong style=\"font-size: 17px;\">Qu&rsquo;est &#8211; ce que le Detailing\u00a0 ?\u00a0<\/strong><\/p><p>C&rsquo;est avant tout, une qualit\u00e9 de travail et une minutie hors norme, c&rsquo;est <strong>l&rsquo;art de restaurer un v\u00e9hicule dans le moindre d\u00e9tail.<\/strong> Il rassemble un processus complet et une m\u00e9thodologie particuli\u00e8re des diff\u00e9rentes \u00e9tapes \u00e0 r\u00e9aliser. C&rsquo;est cette appellation qui permet de nous diff\u00e9rencier des carwash, lavage sans eau et autres gammes grand public.<\/p><\/div>\n\t\t\t\t<\/div>\n\t\t\t\t<\/div>\n\t\t\t\t\t\t<\/div>\n\t\t\t\t\t<\/div>\n\t\t<\/div>\n\t\t\t\t\t\t\t\t<\/div>\n\t\t\t\t\t<\/div>\n\t\t<\/section>\n\t\t\t\t<section class=\"elementor-section elementor-top-section elementor-element elementor-element-8f619f5 elementor-section-boxed elementor-section-height-default elementor-section-height-default\" data-id=\"8f619f5\" data-element_type=\"section\">\n\t\t\t\t\t\t<div class=\"elementor-container elementor-column-gap-no\">\n\t\t\t\t\t\t\t<div class=\"elementor-row\">\n\t\t\t\t\t<div class=\"elementor-column elementor-col-100 elementor-top-column elementor-element elementor-element-0ef718c\" data-id=\"0ef718c\" data-element_type=\"column\" data-settings=\"{&quot;background_background&quot;:&quot;classic&quot;}\">\n\t\t\t<div class=\"elementor-column-wrap elementor-element-populated\">\n\t\t\t\t\t\t\t<div class=\"elementor-widget-wrap\">\n\t\t\t\t\t\t<div class=\"elementor-element elementor-element-e5a1485 elementor-invisible elementor-widget elementor-widget-image\" data-id=\"e5a1485\" data-element_type=\"widget\" data-settings=\"{&quot;_animation&quot;:&quot;fadeIn&quot;}\" data-widget_type=\"image.default\">\n\t\t\t\t<div class=\"elementor-widget-container\">\n\t\t\t\t\t<div class=\"elementor-image\">\n\t\t\t\t\t\t\t\t\t\t<img width=\"768\" height=\"577\" src=\"https:\/\/ha-autobeaute.fr\/wp-content\/uploads\/2021\/07\/1R9A0885-768x577.jpg\" class=\"attachment-medium_large size-medium_large\" alt=\"\" loading=\"lazy\" srcset=\"https:\/\/ha-autobeaute.fr\/wp-content\/uploads\/2021\/07\/1R9A0885-768x577.jpg 768w, https:\/\/ha-autobeaute.fr\/wp-content\/uploads\/2021\/07\/1R9A0885-300x225.jpg 300w, https:\/\/ha-autobeaute.fr\/wp-content\/uploads\/2021\/07\/1R9A0885-1024x769.jpg 1024w, https:\/\/ha-autobeaute.fr\/wp-content\/uploads\/2021\/07\/1R9A0885.jpg 1456w\" sizes=\"(max-width: 768px) 100vw, 768px\" \/>\t\t\t\t\t\t\t\t\t\t\t<\/div>\n\t\t\t\t<\/div>\n\t\t\t\t<\/div>\n\t\t\t\t\t\t<\/div>\n\t\t\t\t\t<\/div>\n\t\t<\/div>\n\t\t\t\t\t\t\t\t<\/div>\n\t\t\t\t\t<\/div>\n\t\t<\/section>\n\t\t\t\t<section class=\"elementor-section elementor-top-section elementor-element elementor-element-7d7d666 elementor-section-boxed elementor-section-height-default elementor-section-height-default\" data-id=\"7d7d666\" data-element_type=\"section\">\n\t\t\t\t\t\t<div class=\"elementor-container elementor-column-gap-no\">\n\t\t\t\t\t\t\t<div class=\"elementor-row\">\n\t\t\t\t\t<div class=\"elementor-column elementor-col-100 elementor-top-column elementor-element elementor-element-aa62b3e\" data-id=\"aa62b3e\" data-element_type=\"column\">\n\t\t\t<div class=\"elementor-column-wrap elementor-element-populated\">\n\t\t\t\t\t\t\t<div class=\"elementor-widget-wrap\">\n\t\t\t\t\t\t<div class=\"elementor-element elementor-element-236e087 animated-slow elementor-invisible elementor-widget elementor-widget-heading\" data-id=\"236e087\" data-element_type=\"widget\" data-settings=\"{&quot;_animation&quot;:&quot;fadeInLeft&quot;}\" data-widget_type=\"heading.default\">\n\t\t\t\t<div class=\"elementor-widget-container\">\n\t\t\t<h2 class=\"elementor-heading-title elementor-size-default\">nous prenons soin de voS R\u00caVES !<\/h2>\t\t<\/div>\n\t\t\t\t<\/div>\n\t\t\t\t<div class=\"elementor-element elementor-element-52c5fc2 elementor-widget elementor-widget-text-editor\" data-id=\"52c5fc2\" data-element_type=\"widget\" data-widget_type=\"text-editor.default\">\n\t\t\t\t<div class=\"elementor-widget-container\">\n\t\t\t\t\t<div class=\"elementor-text-editor elementor-clearfix\"><p>Bas\u00e9 au c\u0153ur de l&rsquo;Alsace dans la belle ville d&rsquo;Obernai, notre centre auto vous propose \u00e9galement un large panel de prestations gr\u00e2ce \u00e0 nos partenaires directement sur site !<\/p><p>\u00b0 Recherche personnalis\u00e9e de v\u00e9hicules \u00b0 Conversion Bio\u00e9thanol \u00b0 Pr\u00e9paration esth\u00e9tique &amp; Detailing \u00b0 Atelier m\u00e9canique \u00b0 Pi\u00e8ces Performances \u00b0 Pose de films solaires \u00b0<\/p><p>Vous trouverez donc dans notre Centre, une \u00e9quipe professionnelle, dynamique, et toujours au petit soin dans chacune de nos sp\u00e9cialit\u00e9s&#8230;<\/p><p>Une seule adresse : <strong>5b Rue de l&rsquo;Energie 67210 OBERNAI<\/strong><\/p><\/div>\n\t\t\t\t<\/div>\n\t\t\t\t<\/div>\n\t\t\t\t\t\t<\/div>\n\t\t\t\t\t<\/div>\n\t\t<\/div>\n\t\t\t\t\t\t\t\t<\/div>\n\t\t\t\t\t<\/div>\n\t\t<\/section>\n\t\t\t\t<section class=\"elementor-section elementor-top-section elementor-element elementor-element-529caea elementor-section-boxed elementor-section-height-default elementor-section-height-default\" data-id=\"529caea\" data-element_type=\"section\">\n\t\t\t\t\t\t<div class=\"elementor-container elementor-column-gap-default\">\n\t\t\t\t\t\t\t<div class=\"elementor-row\">\n\t\t\t\t\t<div class=\"elementor-column elementor-col-100 elementor-top-column elementor-element elementor-element-07528ad\" data-id=\"07528ad\" data-element_type=\"column\">\n\t\t\t<div class=\"elementor-column-wrap elementor-element-populated\">\n\t\t\t\t\t\t\t<div class=\"elementor-widget-wrap\">\n\t\t\t\t\t\t<div class=\"elementor-element elementor-element-4ed0943 elementor-widget elementor-widget-image\" data-id=\"4ed0943\" data-element_type=\"widget\" data-widget_type=\"image.default\">\n\t\t\t\t<div class=\"elementor-widget-container\">\n\t\t\t\t\t<div class=\"elementor-image\">\n\t\t\t\t\t\t\t<figure class=\"wp-caption\">\n\t\t\t\t\t\t\t\t\t\t<img width=\"768\" height=\"512\" src=\"https:\/\/ha-autobeaute.fr\/wp-content\/uploads\/2024\/02\/1R9A9885-768x512.jpg\" class=\"attachment-medium_large size-medium_large\" alt=\"\" loading=\"lazy\" srcset=\"https:\/\/ha-autobeaute.fr\/wp-content\/uploads\/2024\/02\/1R9A9885-768x512.jpg 768w, https:\/\/ha-autobeaute.fr\/wp-content\/uploads\/2024\/02\/1R9A9885-300x200.jpg 300w, https:\/\/ha-autobeaute.fr\/wp-content\/uploads\/2024\/02\/1R9A9885.jpg 787w\" sizes=\"(max-width: 768px) 100vw, 768px\" \/>\t\t\t\t\t\t\t\t\t\t\t<figcaption class=\"widget-image-caption wp-caption-text\"><\/figcaption>\n\t\t\t\t\t\t\t\t\t\t<\/figure>\n\t\t\t\t\t<\/div>\n\t\t\t\t<\/div>\n\t\t\t\t<\/div>\n\t\t\t\t\t\t<\/div>\n\t\t\t\t\t<\/div>\n\t\t<\/div>\n\t\t\t\t\t\t\t\t<\/div>\n\t\t\t\t\t<\/div>\n\t\t<\/section>\n\t\t\t\t\t\t<\/div>\n\t\t\t\t\t\t<\/div>\n\t\t\t\t\t<\/div>\n\t\t","protected":false},"excerpt":{"rendered":"<p>qui sommes nous ? NOTRE HISTOIRE H.A. Auto-Beaut\u00e9 C&rsquo;est en 2011 qu&rsquo;est n\u00e9e l&rsquo;id\u00e9e de cr\u00e9ation du Centre de Pr\u00e9paration &amp; Detailing H.A. Auto-Beaut\u00e9, avec \u00e0 ses commandes, son g\u00e9rant HAHN Arnaud.&nbsp; C&rsquo;est avant tout une passion et une mise en oeuvre constante de notre savoir-faire pour satisfaire toutes les demandes de nos clients. Le &hellip;<\/p>\n<p class=\"read-more\"> <a class=\"\" href=\"https:\/\/ha-autobeaute.fr\/index.php\/about\/\"> <span class=\"screen-reader-text\">QUI SOMMES NOUS ?<\/span> Lire la suite\u00a0\u00bb<\/a><\/p>\n","protected":false},"author":1,"featured_media":0,"parent":0,"menu_order":0,"comment_status":"closed","ping_status":"closed","template":"","meta":[],"_links":{"self":[{"href":"https:\/\/ha-autobeaute.fr\/index.php\/wp-json\/wp\/v2\/pages\/11"}],"collection":[{"href":"https:\/\/ha-autobeaute.fr\/index.php\/wp-json\/wp\/v2\/pages"}],"about":[{"href":"https:\/\/ha-autobeaute.fr\/index.php\/wp-json\/wp\/v2\/types\/page"}],"author":[{"embeddable":true,"href":"https:\/\/ha-autobeaute.fr\/index.php\/wp-json\/wp\/v2\/users\/1"}],"replies":[{"embeddable":true,"href":"https:\/\/ha-autobeaute.fr\/index.php\/wp-json\/wp\/v2\/comments?post=11"}],"version-history":[{"count":36,"href":"https:\/\/ha-autobeaute.fr\/index.php\/wp-json\/wp\/v2\/pages\/11\/revisions"}],"predecessor-version":[{"id":867,"href":"https:\/\/ha-autobeaute.fr\/index.php\/wp-json\/wp\/v2\/pages\/11\/revisions\/867"}],"wp:attachment":[{"href":"https:\/\/ha-autobeaute.fr\/index.php\/wp-json\/wp\/v2\/media?parent=11"}],"curies":[{"name":"wp","href":"https:\/\/api.w.org\/{rel}","templated":true}]}}